  {"id":1628,"date":"2021-06-11T12:52:59","date_gmt":"2021-06-11T10:52:59","guid":{"rendered":"http:\/\/aarrehajobs:8888\/?page_id=1628"},"modified":"2022-05-02T10:11:12","modified_gmt":"2022-05-02T08:11:12","slug":"mein-aarreha-moment","status":"publish","type":"page","link":"https:\/\/aarreha.ch\/jobs\/mein-aarreha-moment\/","title":{"rendered":"Mein aarReha-Moment"},"content":{"rendered":"<p>H\u00f6ren Sie aus erster Hand von unseren Mitarbeitenden \u00fcber allt\u00e4gliche Aufgaben und Erlebnisse in der aarReha Schinznach. Geschichten die bewegen.<\/p>\n","protected":false},"excerpt":{"rendered":"<p>H\u00f6ren Sie aus erster Hand von unseren Mitarbeitenden \u00fcber allt\u00e4gliche Aufgaben und Erlebnisse in der aarReha Schinznach. Geschichten die bewegen.<\/p>\n","protected":false},"author":1,"featured_media":0,"parent":0,"menu_order":0,"comment_status":"closed","ping_status":"closed","template":"tpl-moment.php","meta":{"_acf_changed":false,"footnotes":""},"class_list":["post-1628","page","type-page","status-publish","hentry"],"acf":[],"aioseo_notices":[],"_links":{"self":[{"href":"https:\/\/aarreha.ch\/jobs\/wp-json\/wp\/v2\/pages\/1628","targetHints":{"allow":["GET"]}}],"collection":[{"href":"https:\/\/aarreha.ch\/jobs\/wp-json\/wp\/v2\/pages"}],"about":[{"href":"https:\/\/aarreha.ch\/jobs\/wp-json\/wp\/v2\/types\/page"}],"author":[{"embeddable":true,"href":"https:\/\/aarreha.ch\/jobs\/wp-json\/wp\/v2\/users\/1"}],"replies":[{"embeddable":true,"href":"https:\/\/aarreha.ch\/jobs\/wp-json\/wp\/v2\/comments?post=1628"}],"version-history":[{"count":0,"href":"https:\/\/aarreha.ch\/jobs\/wp-json\/wp\/v2\/pages\/1628\/revisions"}],"wp:attachment":[{"href":"https:\/\/aarreha.ch\/jobs\/wp-json\/wp\/v2\/media?parent=1628"}],"curies":[{"name":"wp","href":"https:\/\/api.w.org\/{rel}","templated":true}]}}